{"id":118,"date":"2025-10-28T22:54:52","date_gmt":"2025-10-28T22:54:52","guid":{"rendered":"https:\/\/baltindustrial.lv\/?page_id=118"},"modified":"2025-11-03T11:16:02","modified_gmt":"2025-11-03T11:16:02","slug":"projekti","status":"publish","type":"page","link":"https:\/\/baltindustrial.lv\/en\/projekti\/","title":{"rendered":"Projects"},"content":{"rendered":"\t\t<div data-elementor-type=\"wp-page\" data-elementor-id=\"118\" class=\"elementor elementor-118\" data-elementor-post-type=\"page\">\n\t\t\t\t<div class=\"elementor-element elementor-element-edd2a6e e-flex e-con-boxed e-con e-parent\" data-id=\"edd2a6e\" data-element_type=\"container\" data-e-type=\"container\" data-settings=\"{&quot;background_background&quot;:&quot;classic&quot;}\">\n\t\t\t\t\t<div class=\"e-con-inner\">\n\t\t\t\t<div class=\"elementor-element elementor-element-aaf735b elementor-widget elementor-widget-heading\" data-id=\"aaf735b\" data-element_type=\"widget\" data-e-type=\"widget\" data-widget_type=\"heading.default\">\n\t\t\t\t\t<h1 class=\"elementor-heading-title elementor-size-default\">M\u016bsu Paveiktie Projekti<\/h1>\t\t\t\t<\/div>\n\t\t\t\t<div class=\"elementor-element elementor-element-946ad9a elementor-widget elementor-widget-text-editor\" data-id=\"946ad9a\" data-element_type=\"widget\" data-e-type=\"widget\" data-widget_type=\"text-editor.default\">\n\t\t\t\t\t\t\t\t\t<p class=\"mt-6 text-lg text-text-secondary leading-relaxed\">Lepojamies ar paveiktajiem darbiem un uzticamiem sadarb\u012bbas partneriem.<\/p>\t\t\t\t\t\t\t\t<\/div>\n\t\t\t\t<div class=\"elementor-element elementor-element-4e04fae elementor-grid-3 elementor-grid-tablet-2 elementor-grid-mobile-1 elementor-widget elementor-widget-loop-grid\" data-id=\"4e04fae\" data-element_type=\"widget\" data-e-type=\"widget\" data-settings=\"{&quot;template_id&quot;:&quot;72&quot;,&quot;columns&quot;:3,&quot;pagination_type&quot;:&quot;numbers&quot;,&quot;_skin&quot;:&quot;post&quot;,&quot;columns_tablet&quot;:&quot;2&quot;,&quot;columns_mobile&quot;:&quot;1&quot;,&quot;edit_handle_selector&quot;:&quot;[data-elementor-type=\\&quot;loop-item\\&quot;]&quot;,&quot;pagination_load_type&quot;:&quot;page_reload&quot;,&quot;row_gap&quot;:{&quot;unit&quot;:&quot;px&quot;,&quot;size&quot;:&quot;&quot;,&quot;sizes&quot;:[]},&quot;row_gap_tablet&quot;:{&quot;unit&quot;:&quot;px&quot;,&quot;size&quot;:&quot;&quot;,&quot;sizes&quot;:[]},&quot;row_gap_mobile&quot;:{&quot;unit&quot;:&quot;px&quot;,&quot;size&quot;:&quot;&quot;,&quot;sizes&quot;:[]}}\" data-widget_type=\"loop-grid.post\">\n\t\t\t\t<div class=\"elementor-widget-container\">\n\t\t\t\t\t\t\t<div class=\"elementor-loop-container elementor-grid\" role=\"list\">\n\t\t<style id=\"loop-72\">.elementor-72 .elementor-element.elementor-element-f7bca79{--display:flex;--flex-direction:column;--container-widget-width:100%;--container-widget-height:initial;--container-widget-flex-grow:0;--container-widget-align-self:initial;--flex-wrap-mobile:wrap;--justify-content:space-between;--gap:24px 24px;--row-gap:24px;--column-gap:24px;border-style:solid;--border-style:solid;border-width:2px 2px 2px 2px;--border-top-width:2px;--border-right-width:2px;--border-bottom-width:2px;--border-left-width:2px;border-color:var( --e-global-color-cd04cdf );--border-color:var( --e-global-color-cd04cdf );--border-radius:8px 8px 8px 8px;--padding-top:36px;--padding-bottom:36px;--padding-left:24px;--padding-right:24px;}.elementor-72 .elementor-element.elementor-element-f7bca79:not(.elementor-motion-effects-element-type-background), .elementor-72 .elementor-element.elementor-element-f7bca79 > .elementor-motion-effects-container > .elementor-motion-effects-layer{background-color:var( --e-global-color-70241dc );}.elementor-72 .elementor-element.elementor-element-f7bca79.e-con:hover{--e-con-transform-scale:1.02;}.elementor-widget-image .widget-image-caption{color:var( --e-global-color-text );font-family:var( --e-global-typography-text-font-family ), Sans-serif;font-weight:var( --e-global-typography-text-font-weight );}.elementor-72 .elementor-element.elementor-element-eaf3935 img{height:200px;object-fit:cover;object-position:center center;border-radius:8px 8px 8px 8px;}.elementor-widget-heading .elementor-heading-title{font-family:var( --e-global-typography-primary-font-family ), Sans-serif;font-weight:var( --e-global-typography-primary-font-weight );color:var( --e-global-color-primary );}.elementor-widget-text-editor{font-family:var( --e-global-typography-text-font-family ), Sans-serif;font-weight:var( --e-global-typography-text-font-weight );color:var( --e-global-color-text );}.elementor-widget-text-editor.elementor-drop-cap-view-stacked .elementor-drop-cap{background-color:var( --e-global-color-primary );}.elementor-widget-text-editor.elementor-drop-cap-view-framed .elementor-drop-cap, .elementor-widget-text-editor.elementor-drop-cap-view-default .elementor-drop-cap{color:var( --e-global-color-primary );border-color:var( --e-global-color-primary );}.elementor-72 .elementor-element.elementor-element-2273789{font-family:\"Inter\", Sans-serif;font-weight:400;}.elementor-widget-button .elementor-button{font-family:var( --e-global-typography-accent-font-family ), Sans-serif;font-weight:var( --e-global-typography-accent-font-weight );background-color:var( --e-global-color-accent );}.elementor-72 .elementor-element.elementor-element-eafc2a1 .elementor-button-content-wrapper{flex-direction:row-reverse;}.elementor-72 .elementor-element.elementor-element-eafc2a1 .elementor-button{font-family:\"Inter\", Sans-serif;font-weight:400;fill:var( --e-global-color-accent );color:var( --e-global-color-accent );background-color:var( --e-global-color-70241dc );padding:0px 0px 0px 0px;}.elementor-72 .elementor-element.elementor-element-eafc2a1 .elementor-button:hover, .elementor-72 .elementor-element.elementor-element-eafc2a1 .elementor-button:focus{color:var( --e-global-color-ec79ad7 );}.elementor-72 .elementor-element.elementor-element-eafc2a1 .elementor-button:hover svg, .elementor-72 .elementor-element.elementor-element-eafc2a1 .elementor-button:focus svg{fill:var( --e-global-color-ec79ad7 );}<\/style>\t\t<div data-elementor-type=\"loop-item\" data-elementor-id=\"72\" class=\"elementor elementor-72 e-loop-item e-loop-item-70 post-70 projekts type-projekts status-publish has-post-thumbnail hentry\" data-elementor-post-type=\"elementor_library\" data-custom-edit-handle=\"1\">\n\t\t\t<div class=\"elementor-element elementor-element-f7bca79 e-transform e-flex e-con-boxed e-con e-parent\" data-id=\"f7bca79\" data-element_type=\"container\" data-e-type=\"container\" data-settings=\"{&quot;background_background&quot;:&quot;classic&quot;,&quot;_transform_scale_effect_hover&quot;:{&quot;unit&quot;:&quot;px&quot;,&quot;size&quot;:1.02,&quot;sizes&quot;:[]},&quot;_transform_scale_effect_hover_tablet&quot;:{&quot;unit&quot;:&quot;px&quot;,&quot;size&quot;:&quot;&quot;,&quot;sizes&quot;:[]},&quot;_transform_scale_effect_hover_mobile&quot;:{&quot;unit&quot;:&quot;px&quot;,&quot;size&quot;:&quot;&quot;,&quot;sizes&quot;:[]}}\">\n\t\t\t\t\t<div class=\"e-con-inner\">\n\t\t\t\t<div class=\"elementor-element elementor-element-eaf3935 elementor-widget elementor-widget-image\" data-id=\"eaf3935\" data-element_type=\"widget\" data-e-type=\"widget\" data-widget_type=\"image.default\">\n\t\t\t\t\t\t\t\t\t\t\t\t\t\t\t<img fetchpriority=\"high\" decoding=\"async\" width=\"640\" height=\"480\" src=\"https:\/\/baltindustrial.lv\/wp-content\/uploads\/2025\/10\/db3e2c16-067d-4989-aae0-69960025c342-1024x768.jpeg\" class=\"attachment-large size-large wp-image-98\" alt=\"\" srcset=\"https:\/\/baltindustrial.lv\/wp-content\/uploads\/2025\/10\/db3e2c16-067d-4989-aae0-69960025c342-1024x768.jpeg 1024w, https:\/\/baltindustrial.lv\/wp-content\/uploads\/2025\/10\/db3e2c16-067d-4989-aae0-69960025c342-300x225.jpeg 300w, https:\/\/baltindustrial.lv\/wp-content\/uploads\/2025\/10\/db3e2c16-067d-4989-aae0-69960025c342-768x576.jpeg 768w, https:\/\/baltindustrial.lv\/wp-content\/uploads\/2025\/10\/db3e2c16-067d-4989-aae0-69960025c342-1536x1152.jpeg 1536w, https:\/\/baltindustrial.lv\/wp-content\/uploads\/2025\/10\/db3e2c16-067d-4989-aae0-69960025c342.jpeg 1600w\" sizes=\"(max-width: 640px) 100vw, 640px\" \/>\t\t\t\t\t\t\t\t\t\t\t\t\t\t\t<\/div>\n\t\t\t\t<div class=\"elementor-element elementor-element-2f55bf0 elementor-widget elementor-widget-heading\" data-id=\"2f55bf0\" data-element_type=\"widget\" data-e-type=\"widget\" data-widget_type=\"heading.default\">\n\t\t\t\t\t<h3 class=\"elementor-heading-title elementor-size-default\">Sadarb\u012bba ar SIA LZK<\/h3>\t\t\t\t<\/div>\n\t\t\t\t<div class=\"elementor-element elementor-element-2273789 elementor-widget elementor-widget-text-editor\" data-id=\"2273789\" data-element_type=\"widget\" data-e-type=\"widget\" data-widget_type=\"text-editor.default\">\n\t\t\t\t\t\t\t\t\tSare\u017e\u0123\u012bti remontdarbi ku\u0123iem un ang\u0101ru atjauno\u0161ana Liep\u0101jas ku\u0123u b\u016bv\u0113tav\u0101.\t\t\t\t\t\t\t\t<\/div>\n\t\t\t\t<div class=\"elementor-element elementor-element-eafc2a1 elementor-widget elementor-widget-button\" data-id=\"eafc2a1\" data-element_type=\"widget\" data-e-type=\"widget\" data-widget_type=\"button.default\">\n\t\t\t\t\t\t\t\t\t\t<a class=\"elementor-button elementor-button-link elementor-size-sm\" href=\"https:\/\/baltindustrial.lv\/en\/projekts\/sia-lzk-sadarbiba\/\">\n\t\t\t\t\t\t<span class=\"elementor-button-content-wrapper\">\n\t\t\t\t\t\t<span class=\"elementor-button-icon\">\n\t\t\t\t<svg aria-hidden=\"true\" class=\"e-font-icon-svg e-fas-long-arrow-alt-right\" viewBox=\"0 0 448 512\" xmlns=\"http:\/\/www.w3.org\/2000\/svg\"><path d=\"M313.941 216H12c-6.627 0-12 5.373-12 12v56c0 6.627 5.373 12 12 12h301.941v46.059c0 21.382 25.851 32.09 40.971 16.971l86.059-86.059c9.373-9.373 9.373-24.569 0-33.941l-86.059-86.059c-15.119-15.119-40.971-4.411-40.971 16.971V216z\"><\/path><\/svg>\t\t\t<\/span>\n\t\t\t\t\t\t\t\t\t<span class=\"elementor-button-text\">Skat\u012bt vair\u0101k<\/span>\n\t\t\t\t\t<\/span>\n\t\t\t\t\t<\/a>\n\t\t\t\t\t\t\t\t<\/div>\n\t\t\t\t\t<\/div>\n\t\t\t\t<\/div>\n\t\t\t\t<\/div>\n\t\t\t\t<div data-elementor-type=\"loop-item\" data-elementor-id=\"72\" class=\"elementor elementor-72 e-loop-item e-loop-item-68 post-68 projekts type-projekts status-publish has-post-thumbnail hentry\" data-elementor-post-type=\"elementor_library\" data-custom-edit-handle=\"1\">\n\t\t\t<div class=\"elementor-element elementor-element-f7bca79 e-transform e-flex e-con-boxed e-con e-parent\" data-id=\"f7bca79\" data-element_type=\"container\" data-e-type=\"container\" data-settings=\"{&quot;background_background&quot;:&quot;classic&quot;,&quot;_transform_scale_effect_hover&quot;:{&quot;unit&quot;:&quot;px&quot;,&quot;size&quot;:1.02,&quot;sizes&quot;:[]},&quot;_transform_scale_effect_hover_tablet&quot;:{&quot;unit&quot;:&quot;px&quot;,&quot;size&quot;:&quot;&quot;,&quot;sizes&quot;:[]},&quot;_transform_scale_effect_hover_mobile&quot;:{&quot;unit&quot;:&quot;px&quot;,&quot;size&quot;:&quot;&quot;,&quot;sizes&quot;:[]}}\">\n\t\t\t\t\t<div class=\"e-con-inner\">\n\t\t\t\t<div class=\"elementor-element elementor-element-eaf3935 elementor-widget elementor-widget-image\" data-id=\"eaf3935\" data-element_type=\"widget\" data-e-type=\"widget\" data-widget_type=\"image.default\">\n\t\t\t\t\t\t\t\t\t\t\t\t\t\t\t<img decoding=\"async\" width=\"640\" height=\"426\" src=\"https:\/\/baltindustrial.lv\/wp-content\/uploads\/2025\/10\/pexels-pixabay-7931-1024x682.jpg\" class=\"attachment-large size-large wp-image-69\" alt=\"\" srcset=\"https:\/\/baltindustrial.lv\/wp-content\/uploads\/2025\/10\/pexels-pixabay-7931-1024x682.jpg 1024w, https:\/\/baltindustrial.lv\/wp-content\/uploads\/2025\/10\/pexels-pixabay-7931-300x200.jpg 300w, https:\/\/baltindustrial.lv\/wp-content\/uploads\/2025\/10\/pexels-pixabay-7931-768x512.jpg 768w, https:\/\/baltindustrial.lv\/wp-content\/uploads\/2025\/10\/pexels-pixabay-7931.jpg 1280w\" sizes=\"(max-width: 640px) 100vw, 640px\" \/>\t\t\t\t\t\t\t\t\t\t\t\t\t\t\t<\/div>\n\t\t\t\t<div class=\"elementor-element elementor-element-2f55bf0 elementor-widget elementor-widget-heading\" data-id=\"2f55bf0\" data-element_type=\"widget\" data-e-type=\"widget\" data-widget_type=\"heading.default\">\n\t\t\t\t\t<h3 class=\"elementor-heading-title elementor-size-default\">Dz\u012bvojamo \u0112ku B\u016bvniec\u012bba<\/h3>\t\t\t\t<\/div>\n\t\t\t\t<div class=\"elementor-element elementor-element-2273789 elementor-widget elementor-widget-text-editor\" data-id=\"2273789\" data-element_type=\"widget\" data-e-type=\"widget\" data-widget_type=\"text-editor.default\">\n\t\t\t\t\t\t\t\t\tDaudzdz\u012bvok\u013cu \u0113ku un priv\u0101tm\u0101ju celtniec\u012bba.\t\t\t\t\t\t\t\t<\/div>\n\t\t\t\t<div class=\"elementor-element elementor-element-eafc2a1 elementor-widget elementor-widget-button\" data-id=\"eafc2a1\" data-element_type=\"widget\" data-e-type=\"widget\" data-widget_type=\"button.default\">\n\t\t\t\t\t\t\t\t\t\t<a class=\"elementor-button elementor-button-link elementor-size-sm\" href=\"https:\/\/baltindustrial.lv\/en\/projekts\/dzivojamo-eku-buvnieciba\/\">\n\t\t\t\t\t\t<span class=\"elementor-button-content-wrapper\">\n\t\t\t\t\t\t<span class=\"elementor-button-icon\">\n\t\t\t\t<svg aria-hidden=\"true\" class=\"e-font-icon-svg e-fas-long-arrow-alt-right\" viewBox=\"0 0 448 512\" xmlns=\"http:\/\/www.w3.org\/2000\/svg\"><path d=\"M313.941 216H12c-6.627 0-12 5.373-12 12v56c0 6.627 5.373 12 12 12h301.941v46.059c0 21.382 25.851 32.09 40.971 16.971l86.059-86.059c9.373-9.373 9.373-24.569 0-33.941l-86.059-86.059c-15.119-15.119-40.971-4.411-40.971 16.971V216z\"><\/path><\/svg>\t\t\t<\/span>\n\t\t\t\t\t\t\t\t\t<span class=\"elementor-button-text\">Skat\u012bt vair\u0101k<\/span>\n\t\t\t\t\t<\/span>\n\t\t\t\t\t<\/a>\n\t\t\t\t\t\t\t\t<\/div>\n\t\t\t\t\t<\/div>\n\t\t\t\t<\/div>\n\t\t\t\t<\/div>\n\t\t\t\t<div data-elementor-type=\"loop-item\" data-elementor-id=\"72\" class=\"elementor elementor-72 e-loop-item e-loop-item-66 post-66 projekts type-projekts status-publish has-post-thumbnail hentry\" data-elementor-post-type=\"elementor_library\" data-custom-edit-handle=\"1\">\n\t\t\t<div class=\"elementor-element elementor-element-f7bca79 e-transform e-flex e-con-boxed e-con e-parent\" data-id=\"f7bca79\" data-element_type=\"container\" data-e-type=\"container\" data-settings=\"{&quot;background_background&quot;:&quot;classic&quot;,&quot;_transform_scale_effect_hover&quot;:{&quot;unit&quot;:&quot;px&quot;,&quot;size&quot;:1.02,&quot;sizes&quot;:[]},&quot;_transform_scale_effect_hover_tablet&quot;:{&quot;unit&quot;:&quot;px&quot;,&quot;size&quot;:&quot;&quot;,&quot;sizes&quot;:[]},&quot;_transform_scale_effect_hover_mobile&quot;:{&quot;unit&quot;:&quot;px&quot;,&quot;size&quot;:&quot;&quot;,&quot;sizes&quot;:[]}}\">\n\t\t\t\t\t<div class=\"e-con-inner\">\n\t\t\t\t<div class=\"elementor-element elementor-element-eaf3935 elementor-widget elementor-widget-image\" data-id=\"eaf3935\" data-element_type=\"widget\" data-e-type=\"widget\" data-widget_type=\"image.default\">\n\t\t\t\t\t\t\t\t\t\t\t\t\t\t\t<img decoding=\"async\" width=\"640\" height=\"480\" src=\"https:\/\/baltindustrial.lv\/wp-content\/uploads\/2025\/10\/pexels-sevenstormphotography-439416-1024x768.jpg\" class=\"attachment-large size-large wp-image-67\" alt=\"\" srcset=\"https:\/\/baltindustrial.lv\/wp-content\/uploads\/2025\/10\/pexels-sevenstormphotography-439416-1024x768.jpg 1024w, https:\/\/baltindustrial.lv\/wp-content\/uploads\/2025\/10\/pexels-sevenstormphotography-439416-300x225.jpg 300w, https:\/\/baltindustrial.lv\/wp-content\/uploads\/2025\/10\/pexels-sevenstormphotography-439416-768x576.jpg 768w, https:\/\/baltindustrial.lv\/wp-content\/uploads\/2025\/10\/pexels-sevenstormphotography-439416.jpg 1280w\" sizes=\"(max-width: 640px) 100vw, 640px\" \/>\t\t\t\t\t\t\t\t\t\t\t\t\t\t\t<\/div>\n\t\t\t\t<div class=\"elementor-element elementor-element-2f55bf0 elementor-widget elementor-widget-heading\" data-id=\"2f55bf0\" data-element_type=\"widget\" data-e-type=\"widget\" data-widget_type=\"heading.default\">\n\t\t\t\t\t<h3 class=\"elementor-heading-title elementor-size-default\">Industri\u0101lo Objektu Izb\u016bve<\/h3>\t\t\t\t<\/div>\n\t\t\t\t<div class=\"elementor-element elementor-element-2273789 elementor-widget elementor-widget-text-editor\" data-id=\"2273789\" data-element_type=\"widget\" data-e-type=\"widget\" data-widget_type=\"text-editor.default\">\n\t\t\t\t\t\t\t\t\tNoliktavu, ra\u017eo\u0161anas cehu un ang\u0101ru b\u016bvniec\u012bba un renov\u0101cija.\t\t\t\t\t\t\t\t<\/div>\n\t\t\t\t<div class=\"elementor-element elementor-element-eafc2a1 elementor-widget elementor-widget-button\" data-id=\"eafc2a1\" data-element_type=\"widget\" data-e-type=\"widget\" data-widget_type=\"button.default\">\n\t\t\t\t\t\t\t\t\t\t<a class=\"elementor-button elementor-button-link elementor-size-sm\" href=\"https:\/\/baltindustrial.lv\/en\/projekts\/industrialo-objektu-izbuve\/\">\n\t\t\t\t\t\t<span class=\"elementor-button-content-wrapper\">\n\t\t\t\t\t\t<span class=\"elementor-button-icon\">\n\t\t\t\t<svg aria-hidden=\"true\" class=\"e-font-icon-svg e-fas-long-arrow-alt-right\" viewBox=\"0 0 448 512\" xmlns=\"http:\/\/www.w3.org\/2000\/svg\"><path d=\"M313.941 216H12c-6.627 0-12 5.373-12 12v56c0 6.627 5.373 12 12 12h301.941v46.059c0 21.382 25.851 32.09 40.971 16.971l86.059-86.059c9.373-9.373 9.373-24.569 0-33.941l-86.059-86.059c-15.119-15.119-40.971-4.411-40.971 16.971V216z\"><\/path><\/svg>\t\t\t<\/span>\n\t\t\t\t\t\t\t\t\t<span class=\"elementor-button-text\">Skat\u012bt vair\u0101k<\/span>\n\t\t\t\t\t<\/span>\n\t\t\t\t\t<\/a>\n\t\t\t\t\t\t\t\t<\/div>\n\t\t\t\t\t<\/div>\n\t\t\t\t<\/div>\n\t\t\t\t<\/div>\n\t\t\t\t<\/div>\n\t\t\n\t\t\t\t\t\t<\/div>\n\t\t\t\t<\/div>\n\t\t\t\t\t<\/div>\n\t\t\t\t<\/div>\n\t\t<div class=\"elementor-element elementor-element-8203bec e-flex e-con-boxed e-con e-parent\" data-id=\"8203bec\" data-element_type=\"container\" data-e-type=\"container\" data-settings=\"{&quot;background_background&quot;:&quot;classic&quot;}\">\n\t\t\t\t\t<div class=\"e-con-inner\">\n\t\t\t\t<div class=\"elementor-element elementor-element-9579b77 elementor-widget elementor-widget-heading\" data-id=\"9579b77\" data-element_type=\"widget\" data-e-type=\"widget\" data-widget_type=\"heading.default\">\n\t\t\t\t\t<h2 class=\"elementor-heading-title elementor-size-default\">Gatavi uzs\u0101kt J\u016bsu n\u0101kamo projektu?<\/h2>\t\t\t\t<\/div>\n\t\t\t\t<div class=\"elementor-element elementor-element-8b50073 elementor-widget elementor-widget-text-editor\" data-id=\"8b50073\" data-element_type=\"widget\" data-e-type=\"widget\" data-widget_type=\"text-editor.default\">\n\t\t\t\t\t\t\t\t\t<p class=\"mt-6 text-lg text-text-secondary leading-relaxed\">Sazinieties ar mums jau \u0161odien, lai apspriestu j\u016bsu idejas un sa\u0146emtu bezmaksas<br \/>konsult\u0101ciju. M\u016bsu komanda ir gatava pal\u012bdz\u0113t realiz\u0113t j\u016bsu v\u012bziju.<\/p>\t\t\t\t\t\t\t\t<\/div>\n\t\t\t\t<div class=\"elementor-element elementor-element-ad2a3d6 elementor-align-center elementor-widget elementor-widget-button\" data-id=\"ad2a3d6\" data-element_type=\"widget\" data-e-type=\"widget\" data-widget_type=\"button.default\">\n\t\t\t\t\t\t\t\t\t\t<a class=\"elementor-button elementor-button-link elementor-size-sm\" href=\"mailto:info@baltindustrial.lv\">\n\t\t\t\t\t\t<span class=\"elementor-button-content-wrapper\">\n\t\t\t\t\t\t\t\t\t<span class=\"elementor-button-text\">Rakst\u012bt mums: info@baltindustrial.lv<\/span>\n\t\t\t\t\t<\/span>\n\t\t\t\t\t<\/a>\n\t\t\t\t\t\t\t\t<\/div>\n\t\t\t\t\t<\/div>\n\t\t\t\t<\/div>\n\t\t\t\t<\/div>\n\t\t","protected":false},"excerpt":{"rendered":"<p>M\u016bsu Paveiktie Projekti Lepojamies ar paveiktajiem darbiem un uzticamiem sadarb\u012bbas partneriem. Gatavi uzs\u0101kt J\u016bsu n\u0101kamo projektu? Sazinieties ar mums jau \u0161odien, lai apspriestu j\u016bsu idejas un sa\u0146emtu bezmaksaskonsult\u0101ciju. M\u016bsu komanda ir gatava pal\u012bdz\u0113t realiz\u0113t j\u016bsu v\u012bziju. Rakst\u012bt mums: info@baltindustrial.lv<\/p>","protected":false},"author":1,"featured_media":0,"parent":0,"menu_order":0,"comment_status":"closed","ping_status":"closed","template":"elementor_header_footer","meta":{"footnotes":""},"class_list":["post-118","page","type-page","status-publish","hentry"],"_links":{"self":[{"href":"https:\/\/baltindustrial.lv\/en\/wp-json\/wp\/v2\/pages\/118","targetHints":{"allow":["GET"]}}],"collection":[{"href":"https:\/\/baltindustrial.lv\/en\/wp-json\/wp\/v2\/pages"}],"about":[{"href":"https:\/\/baltindustrial.lv\/en\/wp-json\/wp\/v2\/types\/page"}],"author":[{"embeddable":true,"href":"https:\/\/baltindustrial.lv\/en\/wp-json\/wp\/v2\/users\/1"}],"replies":[{"embeddable":true,"href":"https:\/\/baltindustrial.lv\/en\/wp-json\/wp\/v2\/comments?post=118"}],"version-history":[{"count":25,"href":"https:\/\/baltindustrial.lv\/en\/wp-json\/wp\/v2\/pages\/118\/revisions"}],"predecessor-version":[{"id":518,"href":"https:\/\/baltindustrial.lv\/en\/wp-json\/wp\/v2\/pages\/118\/revisions\/518"}],"wp:attachment":[{"href":"https:\/\/baltindustrial.lv\/en\/wp-json\/wp\/v2\/media?parent=118"}],"curies":[{"name":"wp","href":"https:\/\/api.w.org\/{rel}","templated":true}]}}