{"id":256,"date":"2025-10-31T13:42:36","date_gmt":"2025-10-31T13:42:36","guid":{"rendered":"https:\/\/baltindustrial.lv\/?page_id=256"},"modified":"2025-11-03T11:15:07","modified_gmt":"2025-11-03T11:15:07","slug":"pakalpojumi","status":"publish","type":"page","link":"https:\/\/baltindustrial.lv\/ru\/pakalpojumi\/","title":{"rendered":"Pakalpojumi"},"content":{"rendered":"<div data-elementor-type=\"wp-page\" data-elementor-id=\"256\" class=\"elementor elementor-256\" data-elementor-post-type=\"page\">\n\t\t\t\t<div class=\"elementor-element elementor-element-24884d1 e-flex e-con-boxed e-con e-parent\" data-id=\"24884d1\" data-element_type=\"container\" data-e-type=\"container\" data-settings=\"{&quot;background_background&quot;:&quot;classic&quot;}\">\n\t\t\t\t\t<div class=\"e-con-inner\">\n\t\t\t\t<div class=\"elementor-element elementor-element-11ff772 elementor-widget elementor-widget-heading\" data-id=\"11ff772\" data-element_type=\"widget\" data-e-type=\"widget\" data-widget_type=\"heading.default\">\n\t\t\t\t\t<h1 class=\"elementor-heading-title elementor-size-default\">M\u016bsu Pakalpojumi<\/h1>\t\t\t\t<\/div>\n\t\t\t\t<div class=\"elementor-element elementor-element-c19966f elementor-widget elementor-widget-text-editor\" data-id=\"c19966f\" data-element_type=\"widget\" data-e-type=\"widget\" data-widget_type=\"text-editor.default\">\n\t\t\t\t\t\t\t\t\t<p class=\"mt-6 text-lg text-text-secondary leading-relaxed\">Nodro\u0161in\u0101m pilna cikla b\u016bvniec\u012bbas risin\u0101jumus, apvienojot precizit\u0101ti, dro\u0161\u012bbu un ilgtsp\u0113ju.<\/p>\t\t\t\t\t\t\t\t<\/div>\n\t\t<div class=\"elementor-element elementor-element-e02f109 e-con-full e-flex e-con e-child\" data-id=\"e02f109\" data-element_type=\"container\" data-e-type=\"container\">\n\t\t\t\t<div class=\"elementor-element elementor-element-36133a1 elementor-view-framed elementor-shape-rounded elementor-position-inline-start elementor-widget__width-initial elementor-widget-mobile__width-inherit elementor-hidden-mobile elementor-mobile-position-block-start elementor-widget elementor-widget-icon-box\" data-id=\"36133a1\" data-element_type=\"widget\" data-e-type=\"widget\" data-widget_type=\"icon-box.default\">\n\t\t\t\t\t\t\t<div class=\"elementor-icon-box-wrapper\">\n\n\t\t\t\t\t\t<div class=\"elementor-icon-box-icon\">\n\t\t\t\t<span  class=\"elementor-icon\">\n\t\t\t\t<svg aria-hidden=\"true\" class=\"e-font-icon-svg e-fas-home\" viewbox=\"0 0 576 512\" xmlns=\"http:\/\/www.w3.org\/2000\/svg\"><path d=\"M280.37 148.26L96 300.11V464a16 16 0 0 0 16 16l112.06-.29a16 16 0 0 0 15.92-16V368a16 16 0 0 1 16-16h64a16 16 0 0 1 16 16v95.64a16 16 0 0 0 16 16.05L464 480a16 16 0 0 0 16-16V300L295.67 148.26a12.19 12.19 0 0 0-15.3 0zM571.6 251.47L488 182.56V44.05a12 12 0 0 0-12-12h-56a12 12 0 0 0-12 12v72.61L318.47 43a48 48 0 0 0-61 0L4.34 251.47a12 12 0 0 0-1.6 16.9l25.5 31A12 12 0 0 0 45.15 301l235.22-193.74a12.19 12.19 0 0 1 15.3 0L530.9 301a12 12 0 0 0 16.9-1.6l25.5-31a12 12 0 0 0-1.7-16.93z\"><\/path><\/svg>\t\t\t\t<\/span>\n\t\t\t<\/div>\n\t\t\t\n\t\t\t\t\t\t<div class=\"elementor-icon-box-content\">\n\n\t\t\t\t\t\t\t\t\t<h3 class=\"elementor-icon-box-title\">\n\t\t\t\t\t\t<span  >\n\t\t\t\t\t\t\tPla\u0161a spektra iek\u0161darbu pakalpojumi\t\t\t\t\t\t<\/span>\n\t\t\t\t\t<\/h3>\n\t\t\t\t\n\t\t\t\t\t\t\t\t\t<p class=\"elementor-icon-box-description\">\n\t\t\t\t\t\tVeicam pilna cikla iek\u0161darbus \u2013 sienu un griestu apdari, kr\u0101so\u0161anu, fl\u012bz\u0113\u0161anu, gr\u012bdu iekl\u0101\u0161anu un starpsienu mont\u0101\u017eu. M\u016bsu speci\u0101listi nodro\u0161ina augstu darba kvalit\u0101ti un precizit\u0101ti, lai katra telpa b\u016btu gan funkcion\u0101la, gan vizu\u0101li pievilc\u012bga. Pied\u0101v\u0101jam risin\u0101jumus gan jaunceltn\u0113m, gan renov\u0101cijas projektiem.\t\t\t\t\t<\/p>\n\t\t\t\t\n\t\t\t<\/div>\n\t\t\t\n\t\t<\/div>\n\t\t\t\t\t\t<\/div>\n\t\t\t\t<div class=\"elementor-element elementor-element-a461f6a elementor-view-framed elementor-shape-rounded elementor-position-inline-start elementor-widget__width-initial elementor-widget-mobile__width-inherit elementor-hidden-desktop elementor-hidden-tablet elementor-mobile-position-block-start elementor-widget elementor-widget-icon-box\" data-id=\"a461f6a\" data-element_type=\"widget\" data-e-type=\"widget\" data-widget_type=\"icon-box.default\">\n\t\t\t\t\t\t\t<div class=\"elementor-icon-box-wrapper\">\n\n\t\t\t\t\t\t<div class=\"elementor-icon-box-icon\">\n\t\t\t\t<span  class=\"elementor-icon\">\n\t\t\t\t<svg aria-hidden=\"true\" class=\"e-font-icon-svg e-fas-home\" viewbox=\"0 0 576 512\" xmlns=\"http:\/\/www.w3.org\/2000\/svg\"><path d=\"M280.37 148.26L96 300.11V464a16 16 0 0 0 16 16l112.06-.29a16 16 0 0 0 15.92-16V368a16 16 0 0 1 16-16h64a16 16 0 0 1 16 16v95.64a16 16 0 0 0 16 16.05L464 480a16 16 0 0 0 16-16V300L295.67 148.26a12.19 12.19 0 0 0-15.3 0zM571.6 251.47L488 182.56V44.05a12 12 0 0 0-12-12h-56a12 12 0 0 0-12 12v72.61L318.47 43a48 48 0 0 0-61 0L4.34 251.47a12 12 0 0 0-1.6 16.9l25.5 31A12 12 0 0 0 45.15 301l235.22-193.74a12.19 12.19 0 0 1 15.3 0L530.9 301a12 12 0 0 0 16.9-1.6l25.5-31a12 12 0 0 0-1.7-16.93z\"><\/path><\/svg>\t\t\t\t<\/span>\n\t\t\t<\/div>\n\t\t\t\n\t\t\t\t\t\t<div class=\"elementor-icon-box-content\">\n\n\t\t\t\t\t\t\t\t\t<h3 class=\"elementor-icon-box-title\">\n\t\t\t\t\t\t<span  >\n\t\t\t\t\t\t\tPla\u0161a spektra<br>iek\u0161darbu pakalpojumi\t\t\t\t\t\t<\/span>\n\t\t\t\t\t<\/h3>\n\t\t\t\t\n\t\t\t\t\t\t\t\t\t<p class=\"elementor-icon-box-description\">\n\t\t\t\t\t\tVeicam pilna cikla iek\u0161darbus \u2013 sienu un griestu apdari, kr\u0101so\u0161anu, fl\u012bz\u0113\u0161anu, gr\u012bdu iekl\u0101\u0161anu un starpsienu mont\u0101\u017eu. M\u016bsu speci\u0101listi nodro\u0161ina augstu darba kvalit\u0101ti un precizit\u0101ti, lai katra telpa b\u016btu gan funkcion\u0101la, gan vizu\u0101li pievilc\u012bga. Pied\u0101v\u0101jam risin\u0101jumus gan jaunceltn\u0113m, gan renov\u0101cijas projektiem.\t\t\t\t\t<\/p>\n\t\t\t\t\n\t\t\t<\/div>\n\t\t\t\n\t\t<\/div>\n\t\t\t\t\t\t<\/div>\n\t\t\t\t<div class=\"elementor-element elementor-element-6038fd8 elementor-view-framed elementor-shape-rounded elementor-position-inline-start elementor-widget__width-initial elementor-widget-mobile__width-inherit elementor-mobile-position-block-start elementor-widget elementor-widget-icon-box\" data-id=\"6038fd8\" data-element_type=\"widget\" data-e-type=\"widget\" data-widget_type=\"icon-box.default\">\n\t\t\t\t\t\t\t<div class=\"elementor-icon-box-wrapper\">\n\n\t\t\t\t\t\t<div class=\"elementor-icon-box-icon\">\n\t\t\t\t<span  class=\"elementor-icon\">\n\t\t\t\t<svg aria-hidden=\"true\" class=\"e-font-icon-svg e-far-trash-alt\" viewbox=\"0 0 448 512\" xmlns=\"http:\/\/www.w3.org\/2000\/svg\"><path d=\"M268 416h24a12 12 0 0 0 12-12V188a12 12 0 0 0-12-12h-24a12 12 0 0 0-12 12v216a12 12 0 0 0 12 12zM432 80h-82.41l-34-56.7A48 48 0 0 0 274.41 0H173.59a48 48 0 0 0-41.16 23.3L98.41 80H16A16 16 0 0 0 0 96v16a16 16 0 0 0 16 16h16v336a48 48 0 0 0 48 48h288a48 48 0 0 0 48-48V128h16a16 16 0 0 0 16-16V96a16 16 0 0 0-16-16zM171.84 50.91A6 6 0 0 1 177 48h94a6 6 0 0 1 5.15 2.91L293.61 80H154.39zM368 464H80V128h288zm-212-48h24a12 12 0 0 0 12-12V188a12 12 0 0 0-12-12h-24a12 12 0 0 0-12 12v216a12 12 0 0 0 12 12z\"><\/path><\/svg>\t\t\t\t<\/span>\n\t\t\t<\/div>\n\t\t\t\n\t\t\t\t\t\t<div class=\"elementor-icon-box-content\">\n\n\t\t\t\t\t\t\t\t\t<h3 class=\"elementor-icon-box-title\">\n\t\t\t\t\t\t<span  >\n\t\t\t\t\t\t\tDemont\u0101\u017ea, teritorijas sakop\u0161ana un citas sagatavo\u0161anas darb\u012bbas\t\t\t\t\t\t<\/span>\n\t\t\t\t\t<\/h3>\n\t\t\t\t\n\t\t\t\t\t\t\t\t\t<p class=\"elementor-icon-box-description\">\n\t\t\t\t\t\tPirms b\u016bvniec\u012bbas darbu s\u0101k\u0161anas veicam demont\u0101\u017eu, b\u016bvgru\u017eu izve\u0161anu un teritorijas piln\u012bgu sagatavo\u0161anu turpm\u0101kajam procesam. M\u0113s nodro\u0161in\u0101m dro\u0161u veco konstrukciju nojauk\u0161anu un darba vides sak\u0101rto\u0161anu, lai n\u0101kamie b\u016bvdarbu posmi norit\u0113tu \u0101tri un bez aizkav\u0113\u0161an\u0101s.\t\t\t\t\t<\/p>\n\t\t\t\t\n\t\t\t<\/div>\n\t\t\t\n\t\t<\/div>\n\t\t\t\t\t\t<\/div>\n\t\t\t\t<div class=\"elementor-element elementor-element-e87c1f3 elementor-view-framed elementor-shape-rounded elementor-position-inline-start elementor-widget__width-initial elementor-widget-mobile__width-inherit elementor-mobile-position-block-start elementor-widget elementor-widget-icon-box\" data-id=\"e87c1f3\" data-element_type=\"widget\" data-e-type=\"widget\" data-widget_type=\"icon-box.default\">\n\t\t\t\t\t\t\t<div class=\"elementor-icon-box-wrapper\">\n\n\t\t\t\t\t\t<div class=\"elementor-icon-box-icon\">\n\t\t\t\t<span  class=\"elementor-icon\">\n\t\t\t\t<svg aria-hidden=\"true\" class=\"e-font-icon-svg e-fas-cubes\" viewbox=\"0 0 512 512\" xmlns=\"http:\/\/www.w3.org\/2000\/svg\"><path d=\"M488.6 250.2L392 214V105.5c0-15-9.3-28.4-23.4-33.7l-100-37.5c-8.1-3.1-17.1-3.1-25.3 0l-100 37.5c-14.1 5.3-23.4 18.7-23.4 33.7V214l-96.6 36.2C9.3 255.5 0 268.9 0 283.9V394c0 13.6 7.7 26.1 19.9 32.2l100 50c10.1 5.1 22.1 5.1 32.2 0l103.9-52 103.9 52c10.1 5.1 22.1 5.1 32.2 0l100-50c12.2-6.1 19.9-18.6 19.9-32.2V283.9c0-15-9.3-28.4-23.4-33.7zM358 214.8l-85 31.9v-68.2l85-37v73.3zM154 104.1l102-38.2 102 38.2v.6l-102 41.4-102-41.4v-.6zm84 291.1l-85 42.5v-79.1l85-38.8v75.4zm0-112l-102 41.4-102-41.4v-.6l102-38.2 102 38.2v.6zm240 112l-85 42.5v-79.1l85-38.8v75.4zm0-112l-102 41.4-102-41.4v-.6l102-38.2 102 38.2v.6z\"><\/path><\/svg>\t\t\t\t<\/span>\n\t\t\t<\/div>\n\t\t\t\n\t\t\t\t\t\t<div class=\"elementor-icon-box-content\">\n\n\t\t\t\t\t\t\t\t\t<h3 class=\"elementor-icon-box-title\">\n\t\t\t\t\t\t<span  >\n\t\t\t\t\t\t\tKoka, betona un met\u0101la konstrukciju uzst\u0101d\u012b\u0161ana\t\t\t\t\t\t<\/span>\n\t\t\t\t\t<\/h3>\n\t\t\t\t\n\t\t\t\t\t\t\t\t\t<p class=\"elementor-icon-box-description\">\n\t\t\t\t\t\tUzst\u0101dam da\u017e\u0101du materi\u0101lu neso\u0161\u0101s un pal\u012bgkonstrukcijas, tostarp kolonnas, sijas un p\u0101rsegumus. Str\u0101d\u0101jam ar koku, betonu un met\u0101lu, iev\u0113rojot visus dro\u0161\u012bbas un kvalit\u0101tes standartus. M\u016bsu komanda nodro\u0161ina prec\u012bzu konstrukciju mont\u0101\u017eu, kas kalpo k\u0101 uzticams pamats turpm\u0101kajiem b\u016bvdarbiem.\t\t\t\t\t<\/p>\n\t\t\t\t\n\t\t\t<\/div>\n\t\t\t\n\t\t<\/div>\n\t\t\t\t\t\t<\/div>\n\t\t\t\t<div class=\"elementor-element elementor-element-939a9cf elementor-view-framed elementor-shape-rounded elementor-position-inline-start elementor-widget__width-initial elementor-widget-mobile__width-inherit elementor-mobile-position-block-start elementor-widget elementor-widget-icon-box\" data-id=\"939a9cf\" data-element_type=\"widget\" data-e-type=\"widget\" data-widget_type=\"icon-box.default\">\n\t\t\t\t\t\t\t<div class=\"elementor-icon-box-wrapper\">\n\n\t\t\t\t\t\t<div class=\"elementor-icon-box-icon\">\n\t\t\t\t<span  class=\"elementor-icon\">\n\t\t\t\t<svg aria-hidden=\"true\" class=\"e-font-icon-svg e-far-building\" viewbox=\"0 0 448 512\" xmlns=\"http:\/\/www.w3.org\/2000\/svg\"><path d=\"M128 148v-40c0-6.6 5.4-12 12-12h40c6.6 0 12 5.4 12 12v40c0 6.6-5.4 12-12 12h-40c-6.6 0-12-5.4-12-12zm140 12h40c6.6 0 12-5.4 12-12v-40c0-6.6-5.4-12-12-12h-40c-6.6 0-12 5.4-12 12v40c0 6.6 5.4 12 12 12zm-128 96h40c6.6 0 12-5.4 12-12v-40c0-6.6-5.4-12-12-12h-40c-6.6 0-12 5.4-12 12v40c0 6.6 5.4 12 12 12zm128 0h40c6.6 0 12-5.4 12-12v-40c0-6.6-5.4-12-12-12h-40c-6.6 0-12 5.4-12 12v40c0 6.6 5.4 12 12 12zm-76 84v-40c0-6.6-5.4-12-12-12h-40c-6.6 0-12 5.4-12 12v40c0 6.6 5.4 12 12 12h40c6.6 0 12-5.4 12-12zm76 12h40c6.6 0 12-5.4 12-12v-40c0-6.6-5.4-12-12-12h-40c-6.6 0-12 5.4-12 12v40c0 6.6 5.4 12 12 12zm180 124v36H0v-36c0-6.6 5.4-12 12-12h19.5V24c0-13.3 10.7-24 24-24h337c13.3 0 24 10.7 24 24v440H436c6.6 0 12 5.4 12 12zM79.5 463H192v-67c0-6.6 5.4-12 12-12h40c6.6 0 12 5.4 12 12v67h112.5V49L80 48l-.5 415z\"><\/path><\/svg>\t\t\t\t<\/span>\n\t\t\t<\/div>\n\t\t\t\n\t\t\t\t\t\t<div class=\"elementor-icon-box-content\">\n\n\t\t\t\t\t\t\t\t\t<h3 class=\"elementor-icon-box-title\">\n\t\t\t\t\t\t<span  >\n\t\t\t\t\t\t\tBeton\u0113\u0161anas un fas\u0101des darbi\t\t\t\t\t\t<\/span>\n\t\t\t\t\t<\/h3>\n\t\t\t\t\n\t\t\t\t\t\t\t\t\t<p class=\"elementor-icon-box-description\">\n\t\t\t\t\t\tVeicam da\u017e\u0101da apjoma beton\u0113\u0161anas darbus \u2013 gr\u012bdu, k\u0101p\u0146u un citu konstrukciju izveidi. Pied\u0101v\u0101jam ar\u012b fas\u0101des apdares un siltin\u0101\u0161anas pakalpojumus, uzlabojot \u0113kas energoefektivit\u0101ti un vizu\u0101lo izskatu. M\u016bsu m\u0113r\u0137is ir rad\u012bt ilgm\u016b\u017e\u012bgus un kvalitat\u012bvus risin\u0101jumus, kas saglab\u0101 v\u0113rt\u012bbu gadiem ilgi.\t\t\t\t\t<\/p>\n\t\t\t\t\n\t\t\t<\/div>\n\t\t\t\n\t\t<\/div>\n\t\t\t\t\t\t<\/div>\n\t\t\t\t<div class=\"elementor-element elementor-element-c37856e elementor-view-framed elementor-shape-rounded elementor-position-inline-start elementor-widget__width-initial elementor-widget-mobile__width-inherit elementor-mobile-position-block-start elementor-widget elementor-widget-icon-box\" data-id=\"c37856e\" data-element_type=\"widget\" data-e-type=\"widget\" data-widget_type=\"icon-box.default\">\n\t\t\t\t\t\t\t<div class=\"elementor-icon-box-wrapper\">\n\n\t\t\t\t\t\t<div class=\"elementor-icon-box-icon\">\n\t\t\t\t<span  class=\"elementor-icon\">\n\t\t\t\t<svg aria-hidden=\"true\" class=\"e-font-icon-svg e-fas-sync\" viewbox=\"0 0 512 512\" xmlns=\"http:\/\/www.w3.org\/2000\/svg\"><path d=\"M440.65 12.57l4 82.77A247.16 247.16 0 0 0 255.83 8C134.73 8 33.91 94.92 12.29 209.82A12 12 0 0 0 24.09 224h49.05a12 12 0 0 0 11.67-9.26 175.91 175.91 0 0 1 317-56.94l-101.46-4.86a12 12 0 0 0-12.57 12v47.41a12 12 0 0 0 12 12H500a12 12 0 0 0 12-12V12a12 12 0 0 0-12-12h-47.37a12 12 0 0 0-11.98 12.57zM255.83 432a175.61 175.61 0 0 1-146-77.8l101.8 4.87a12 12 0 0 0 12.57-12v-47.4a12 12 0 0 0-12-12H12a12 12 0 0 0-12 12V500a12 12 0 0 0 12 12h47.35a12 12 0 0 0 12-12.6l-4.15-82.57A247.17 247.17 0 0 0 255.83 504c121.11 0 221.93-86.92 243.55-201.82a12 12 0 0 0-11.8-14.18h-49.05a12 12 0 0 0-11.67 9.26A175.86 175.86 0 0 1 255.83 432z\"><\/path><\/svg>\t\t\t\t<\/span>\n\t\t\t<\/div>\n\t\t\t\n\t\t\t\t\t\t<div class=\"elementor-icon-box-content\">\n\n\t\t\t\t\t\t\t\t\t<h3 class=\"elementor-icon-box-title\">\n\t\t\t\t\t\t<span  >\n\t\t\t\t\t\t\t\u0112ku rekonstrukcija\t\t\t\t\t\t<\/span>\n\t\t\t\t\t<\/h3>\n\t\t\t\t\n\t\t\t\t\t\t\t\t\t<p class=\"elementor-icon-box-description\">\n\t\t\t\t\t\tPied\u0101v\u0101jam \u0113ku rekonstrukcijas pakalpojumus, saglab\u0101jot eso\u0161o arhitekt\u016bru un vienlaikus piel\u0101gojot \u0113ku m\u016bsdienu pras\u012bb\u0101m. Veicam gan da\u013c\u0113jus, gan pilnus atjauno\u0161anas darbus \u2013 no konstrukciju stiprin\u0101\u0161anas l\u012bdz piln\u012bgai iek\u0161\u0113jai un \u0101r\u0113jai apdarei. Nodro\u0161in\u0101m, lai \u0113ka ieg\u016btu jaunu funkcionalit\u0101ti un est\u0113tisku izskatu.\t\t\t\t\t<\/p>\n\t\t\t\t\n\t\t\t<\/div>\n\t\t\t\n\t\t<\/div>\n\t\t\t\t\t\t<\/div>\n\t\t\t\t<div class=\"elementor-element elementor-element-6426eef elementor-view-framed elementor-shape-rounded elementor-position-inline-start elementor-widget__width-initial elementor-widget-mobile__width-inherit elementor-mobile-position-block-start elementor-widget elementor-widget-icon-box\" data-id=\"6426eef\" data-element_type=\"widget\" data-e-type=\"widget\" data-widget_type=\"icon-box.default\">\n\t\t\t\t\t\t\t<div class=\"elementor-icon-box-wrapper\">\n\n\t\t\t\t\t\t<div class=\"elementor-icon-box-icon\">\n\t\t\t\t<span  class=\"elementor-icon\">\n\t\t\t\t<svg aria-hidden=\"true\" class=\"e-font-icon-svg e-fas-angle-up\" viewbox=\"0 0 320 512\" xmlns=\"http:\/\/www.w3.org\/2000\/svg\"><path d=\"M177 159.7l136 136c9.4 9.4 9.4 24.6 0 33.9l-22.6 22.6c-9.4 9.4-24.6 9.4-33.9 0L160 255.9l-96.4 96.4c-9.4 9.4-24.6 9.4-33.9 0L7 329.7c-9.4-9.4-9.4-24.6 0-33.9l136-136c9.4-9.5 24.6-9.5 34-.1z\"><\/path><\/svg>\t\t\t\t<\/span>\n\t\t\t<\/div>\n\t\t\t\n\t\t\t\t\t\t<div class=\"elementor-icon-box-content\">\n\n\t\t\t\t\t\t\t\t\t<h3 class=\"elementor-icon-box-title\">\n\t\t\t\t\t\t<span  >\n\t\t\t\t\t\t\tJumta darbi\t\t\t\t\t\t<\/span>\n\t\t\t\t\t<\/h3>\n\t\t\t\t\n\t\t\t\t\t\t\t\t\t<p class=\"elementor-icon-box-description\">\n\t\t\t\t\t\tNodro\u0161in\u0101m jumta izb\u016bvi, remontu un siltin\u0101\u0161anu, izmantojot kvalitat\u012bvus materi\u0101lus un p\u0101rbaud\u012btas tehnolo\u0123ijas. Veicam gan jaunu jumtu uzst\u0101d\u012b\u0161anu, gan eso\u0161o konstrukciju atjauno\u0161anu. M\u016bsu speci\u0101listi r\u016bp\u0113jas, lai jumts b\u016btu dro\u0161s, iztur\u012bgs un nodro\u0161in\u0101tu maksim\u0101lu aizsardz\u012bbu pret laikapst\u0101k\u013ciem.\t\t\t\t\t<\/p>\n\t\t\t\t\n\t\t\t<\/div>\n\t\t\t\n\t\t<\/div>\n\t\t\t\t\t\t<\/div>\n\t\t\t\t<div class=\"elementor-element elementor-element-46f2807 elementor-view-framed elementor-shape-rounded elementor-position-inline-start elementor-widget__width-initial elementor-widget-mobile__width-inherit elementor-hidden-mobile elementor-mobile-position-block-start elementor-widget elementor-widget-icon-box\" data-id=\"46f2807\" data-element_type=\"widget\" data-e-type=\"widget\" data-widget_type=\"icon-box.default\">\n\t\t\t\t\t\t\t<div class=\"elementor-icon-box-wrapper\">\n\n\t\t\t\t\t\t<div class=\"elementor-icon-box-icon\">\n\t\t\t\t<span  class=\"elementor-icon\">\n\t\t\t\t<svg aria-hidden=\"true\" class=\"e-font-icon-svg e-fas-th\" viewbox=\"0 0 512 512\" xmlns=\"http:\/\/www.w3.org\/2000\/svg\"><path d=\"M149.333 56v80c0 13.255-10.745 24-24 24H24c-13.255 0-24-10.745-24-24V56c0-13.255 10.745-24 24-24h101.333c13.255 0 24 10.745 24 24zm181.334 240v-80c0-13.255-10.745-24-24-24H205.333c-13.255 0-24 10.745-24 24v80c0 13.255 10.745 24 24 24h101.333c13.256 0 24.001-10.745 24.001-24zm32-240v80c0 13.255 10.745 24 24 24H488c13.255 0 24-10.745 24-24V56c0-13.255-10.745-24-24-24H386.667c-13.255 0-24 10.745-24 24zm-32 80V56c0-13.255-10.745-24-24-24H205.333c-13.255 0-24 10.745-24 24v80c0 13.255 10.745 24 24 24h101.333c13.256 0 24.001-10.745 24.001-24zm-205.334 56H24c-13.255 0-24 10.745-24 24v80c0 13.255 10.745 24 24 24h101.333c13.255 0 24-10.745 24-24v-80c0-13.255-10.745-24-24-24zM0 376v80c0 13.255 10.745 24 24 24h101.333c13.255 0 24-10.745 24-24v-80c0-13.255-10.745-24-24-24H24c-13.255 0-24 10.745-24 24zm386.667-56H488c13.255 0 24-10.745 24-24v-80c0-13.255-10.745-24-24-24H386.667c-13.255 0-24 10.745-24 24v80c0 13.255 10.745 24 24 24zm0 160H488c13.255 0 24-10.745 24-24v-80c0-13.255-10.745-24-24-24H386.667c-13.255 0-24 10.745-24 24v80c0 13.255 10.745 24 24 24zM181.333 376v80c0 13.255 10.745 24 24 24h101.333c13.255 0 24-10.745 24-24v-80c0-13.255-10.745-24-24-24H205.333c-13.255 0-24 10.745-24 24z\"><\/path><\/svg>\t\t\t\t<\/span>\n\t\t\t<\/div>\n\t\t\t\n\t\t\t\t\t\t<div class=\"elementor-icon-box-content\">\n\n\t\t\t\t\t\t\t\t\t<h3 class=\"elementor-icon-box-title\">\n\t\t\t\t\t\t<span  >\n\t\t\t\t\t\t\tPla\u0161a spektra \u0101rdarbu pakalpojumi\t\t\t\t\t\t<\/span>\n\t\t\t\t\t<\/h3>\n\t\t\t\t\n\t\t\t\t\t\t\t\t\t<p class=\"elementor-icon-box-description\">\n\t\t\t\t\t\tVeicam teritorijas labiek\u0101rto\u0161anas un \u0101rdarbu kompleksu \u2013 bru\u0123\u0113\u0161anu, \u017eogu izb\u016bvi, terases un citu \u0101r\u0113jo konstrukciju izveidi. Str\u0101d\u0101jam ar r\u016bp\u012bbu un precizit\u0101ti, lai pan\u0101ktu gan vizu\u0101li pievilc\u012bgu, gan praktisku rezult\u0101tu. M\u016bsu m\u0113r\u0137is ir rad\u012bt sakoptu un dro\u0161u vidi apk\u0101rt \u0113kai.\t\t\t\t\t<\/p>\n\t\t\t\t\n\t\t\t<\/div>\n\t\t\t\n\t\t<\/div>\n\t\t\t\t\t\t<\/div>\n\t\t\t\t<div class=\"elementor-element elementor-element-3b428e1 elementor-view-framed elementor-shape-rounded elementor-position-inline-start elementor-widget__width-initial elementor-widget-mobile__width-inherit elementor-hidden-desktop elementor-hidden-tablet elementor-mobile-position-block-start elementor-widget elementor-widget-icon-box\" data-id=\"3b428e1\" data-element_type=\"widget\" data-e-type=\"widget\" data-widget_type=\"icon-box.default\">\n\t\t\t\t\t\t\t<div class=\"elementor-icon-box-wrapper\">\n\n\t\t\t\t\t\t<div class=\"elementor-icon-box-icon\">\n\t\t\t\t<span  class=\"elementor-icon\">\n\t\t\t\t<svg aria-hidden=\"true\" class=\"e-font-icon-svg e-fas-th\" viewbox=\"0 0 512 512\" xmlns=\"http:\/\/www.w3.org\/2000\/svg\"><path d=\"M149.333 56v80c0 13.255-10.745 24-24 24H24c-13.255 0-24-10.745-24-24V56c0-13.255 10.745-24 24-24h101.333c13.255 0 24 10.745 24 24zm181.334 240v-80c0-13.255-10.745-24-24-24H205.333c-13.255 0-24 10.745-24 24v80c0 13.255 10.745 24 24 24h101.333c13.256 0 24.001-10.745 24.001-24zm32-240v80c0 13.255 10.745 24 24 24H488c13.255 0 24-10.745 24-24V56c0-13.255-10.745-24-24-24H386.667c-13.255 0-24 10.745-24 24zm-32 80V56c0-13.255-10.745-24-24-24H205.333c-13.255 0-24 10.745-24 24v80c0 13.255 10.745 24 24 24h101.333c13.256 0 24.001-10.745 24.001-24zm-205.334 56H24c-13.255 0-24 10.745-24 24v80c0 13.255 10.745 24 24 24h101.333c13.255 0 24-10.745 24-24v-80c0-13.255-10.745-24-24-24zM0 376v80c0 13.255 10.745 24 24 24h101.333c13.255 0 24-10.745 24-24v-80c0-13.255-10.745-24-24-24H24c-13.255 0-24 10.745-24 24zm386.667-56H488c13.255 0 24-10.745 24-24v-80c0-13.255-10.745-24-24-24H386.667c-13.255 0-24 10.745-24 24v80c0 13.255 10.745 24 24 24zm0 160H488c13.255 0 24-10.745 24-24v-80c0-13.255-10.745-24-24-24H386.667c-13.255 0-24 10.745-24 24v80c0 13.255 10.745 24 24 24zM181.333 376v80c0 13.255 10.745 24 24 24h101.333c13.255 0 24-10.745 24-24v-80c0-13.255-10.745-24-24-24H205.333c-13.255 0-24 10.745-24 24z\"><\/path><\/svg>\t\t\t\t<\/span>\n\t\t\t<\/div>\n\t\t\t\n\t\t\t\t\t\t<div class=\"elementor-icon-box-content\">\n\n\t\t\t\t\t\t\t\t\t<h3 class=\"elementor-icon-box-title\">\n\t\t\t\t\t\t<span  >\n\t\t\t\t\t\t\tPla\u0161a spektra<br>\u0101rdarbu pakalpojumi\t\t\t\t\t\t<\/span>\n\t\t\t\t\t<\/h3>\n\t\t\t\t\n\t\t\t\t\t\t\t\t\t<p class=\"elementor-icon-box-description\">\n\t\t\t\t\t\tVeicam teritorijas labiek\u0101rto\u0161anas un \u0101rdarbu kompleksu \u2013 bru\u0123\u0113\u0161anu, \u017eogu izb\u016bvi, terases un citu \u0101r\u0113jo konstrukciju izveidi. Str\u0101d\u0101jam ar r\u016bp\u012bbu un precizit\u0101ti, lai pan\u0101ktu gan vizu\u0101li pievilc\u012bgu, gan praktisku rezult\u0101tu. M\u016bsu m\u0113r\u0137is ir rad\u012bt sakoptu un dro\u0161u vidi apk\u0101rt \u0113kai.\t\t\t\t\t<\/p>\n\t\t\t\t\n\t\t\t<\/div>\n\t\t\t\n\t\t<\/div>\n\t\t\t\t\t\t<\/div>\n\t\t\t\t<\/div>\n\t\t\t\t\t<\/div>\n\t\t\t\t<\/div>\n\t\t<div class=\"elementor-element elementor-element-d085838 e-flex e-con-boxed e-con e-parent\" data-id=\"d085838\" data-element_type=\"container\" data-e-type=\"container\" data-settings=\"{&quot;background_background&quot;:&quot;classic&quot;}\">\n\t\t\t\t\t<div class=\"e-con-inner\">\n\t\t\t\t<div class=\"elementor-element elementor-element-70a1f25 elementor-widget elementor-widget-heading\" data-id=\"70a1f25\" data-element_type=\"widget\" data-e-type=\"widget\" data-widget_type=\"heading.default\">\n\t\t\t\t\t<h2 class=\"elementor-heading-title elementor-size-default\">Gatavi uzs\u0101kt J\u016bsu n\u0101kamo projektu?<\/h2>\t\t\t\t<\/div>\n\t\t\t\t<div class=\"elementor-element elementor-element-b71a622 elementor-widget elementor-widget-text-editor\" data-id=\"b71a622\" data-element_type=\"widget\" data-e-type=\"widget\" data-widget_type=\"text-editor.default\">\n\t\t\t\t\t\t\t\t\t<p class=\"mt-6 text-lg text-text-secondary leading-relaxed\">Sazinieties ar mums jau \u0161odien, lai apspriestu j\u016bsu idejas un sa\u0146emtu bezmaksas<br \/>konsult\u0101ciju. M\u016bsu komanda ir gatava pal\u012bdz\u0113t realiz\u0113t j\u016bsu v\u012bziju.<\/p>\t\t\t\t\t\t\t\t<\/div>\n\t\t\t\t<div class=\"elementor-element elementor-element-f24e4e6 elementor-align-center elementor-widget elementor-widget-button\" data-id=\"f24e4e6\" data-element_type=\"widget\" data-e-type=\"widget\" data-widget_type=\"button.default\">\n\t\t\t\t\t\t\t\t\t\t<a class=\"elementor-button elementor-button-link elementor-size-sm\" href=\"mailto:info@baltindustrial.lv\">\n\t\t\t\t\t\t<span class=\"elementor-button-content-wrapper\">\n\t\t\t\t\t\t\t\t\t<span class=\"elementor-button-text\">Rakst\u012bt mums: info@baltindustrial.lv<\/span>\n\t\t\t\t\t<\/span>\n\t\t\t\t\t<\/a>\n\t\t\t\t\t\t\t\t<\/div>\n\t\t\t\t\t<\/div>\n\t\t\t\t<\/div>\n\t\t\t\t<\/div>","protected":false},"excerpt":{"rendered":"<p>M\u016bsu Pakalpojumi Nodro\u0161in\u0101m pilna cikla b\u016bvniec\u012bbas risin\u0101jumus, apvienojot precizit\u0101ti, dro\u0161\u012bbu un ilgtsp\u0113ju. Pla\u0161a spektra iek\u0161darbu pakalpojumi Veicam pilna cikla iek\u0161darbus \u2013 sienu un griestu apdari, kr\u0101so\u0161anu, fl\u012bz\u0113\u0161anu, gr\u012bdu iekl\u0101\u0161anu un starpsienu mont\u0101\u017eu. M\u016bsu speci\u0101listi nodro\u0161ina augstu darba kvalit\u0101ti un precizit\u0101ti, lai katra telpa b\u016btu gan funkcion\u0101la, gan vizu\u0101li pievilc\u012bga. Pied\u0101v\u0101jam risin\u0101jumus gan jaunceltn\u0113m, gan renov\u0101cijas [&hellip;]<\/p>\n","protected":false},"author":1,"featured_media":0,"parent":0,"menu_order":0,"comment_status":"closed","ping_status":"closed","template":"elementor_header_footer","meta":{"footnotes":""},"class_list":["post-256","page","type-page","status-publish","hentry"],"_links":{"self":[{"href":"https:\/\/baltindustrial.lv\/ru\/wp-json\/wp\/v2\/pages\/256","targetHints":{"allow":["GET"]}}],"collection":[{"href":"https:\/\/baltindustrial.lv\/ru\/wp-json\/wp\/v2\/pages"}],"about":[{"href":"https:\/\/baltindustrial.lv\/ru\/wp-json\/wp\/v2\/types\/page"}],"author":[{"embeddable":true,"href":"https:\/\/baltindustrial.lv\/ru\/wp-json\/wp\/v2\/users\/1"}],"replies":[{"embeddable":true,"href":"https:\/\/baltindustrial.lv\/ru\/wp-json\/wp\/v2\/comments?post=256"}],"version-history":[{"count":67,"href":"https:\/\/baltindustrial.lv\/ru\/wp-json\/wp\/v2\/pages\/256\/revisions"}],"predecessor-version":[{"id":515,"href":"https:\/\/baltindustrial.lv\/ru\/wp-json\/wp\/v2\/pages\/256\/revisions\/515"}],"wp:attachment":[{"href":"https:\/\/baltindustrial.lv\/ru\/wp-json\/wp\/v2\/media?parent=256"}],"curies":[{"name":"wp","href":"https:\/\/api.w.org\/{rel}","templated":true}]}}